{"id":11,"date":"2022-12-10T16:44:19","date_gmt":"2022-12-10T16:44:19","guid":{"rendered":"https:\/\/eduingomez.com\/?page_id=11"},"modified":"2022-12-15T16:53:54","modified_gmt":"2022-12-15T16:53:54","slug":"biografia","status":"publish","type":"page","link":"https:\/\/eduingomez.com\/?page_id=11","title":{"rendered":"Soy Eduin"},"content":{"rendered":"\n<figure class=\"wp-block-embed is-type-video is-provider-youtube wp-block-embed-youtube wp-embed-aspect-16-9 wp-has-aspect-ratio\"><div class=\"wp-block-embed__wrapper\">\n<iframe loading=\"lazy\" title=\"Soy Eduin\" width=\"920\" height=\"518\" src=\"https:\/\/www.youtube.com\/embed\/4QMuzDXBtxo?feature=oembed\" frameborder=\"0\" allow=\"accelerometer; autoplay; clipboard-write; encrypted-media; gyroscope; picture-in-picture\" allowfullscreen><\/iframe>\n<\/div><\/figure>\n\n\n\n<p>Artista digital que explora su identidad mediante el cuestionamiento y la autocr\u00edtica, impulsado tanto por la curiosidad como el origen del pensamiento humano.<\/p>\n\n\n\n<p>\u00bfD\u00f3nde nace el miedo?<\/p>\n\n\n\n<p>\u00bfQu\u00e9 o qui\u00e9n creo esa sonrisa? Es una constante b\u00fasqueda que el autor disfruta recorrer.<\/p>\n\n\n\n<p>Se define como una persona con alta sensibilidad ante los est\u00edmulos externos, logrando materializar sus pensamientos en im\u00e1genes e im\u00e1genes en emociones. Influenciado por autores del siglo XX como Sergio Larrain \u00abEl cazador de milagros\u00bb de quien adopta su manera de ver el mundo. Del mismo modo autores como Pablo Picasso, quien lo motiva siempre a estar en constante movimiento ante una sociedad que corre cada vez mas r\u00e1pido.<\/p>\n","protected":false},"excerpt":{"rendered":"<p>Artista digital que explora su identidad mediante el cuestionamiento y la autocr\u00edtica, impulsado tanto por la curiosidad como el origen del pensamiento humano. \u00bfD\u00f3nde nace el miedo? \u00bfQu\u00e9 o qui\u00e9n<\/p>\n<p class=\"more-link\"><a href=\"https:\/\/eduingomez.com\/?page_id=11\" class=\"readmore\">Seguir leyendo<svg class=\"icon icon-arrow-right\" aria-hidden=\"true\" role=\"img\"> <use href=\"#icon-arrow-right\" xlink:href=\"#icon-arrow-right\"><\/use> <\/svg><span class=\"screen-reader-text\">Soy Eduin<\/span><\/a><\/p>\n","protected":false},"author":1,"featured_media":0,"parent":0,"menu_order":0,"comment_status":"closed","ping_status":"closed","template":"","meta":{"footnotes":""},"class_list":["post-11","page","type-page","status-publish","hentry"],"_links":{"self":[{"href":"https:\/\/eduingomez.com\/index.php?rest_route=\/wp\/v2\/pages\/11","targetHints":{"allow":["GET"]}}],"collection":[{"href":"https:\/\/eduingomez.com\/index.php?rest_route=\/wp\/v2\/pages"}],"about":[{"href":"https:\/\/eduingomez.com\/index.php?rest_route=\/wp\/v2\/types\/page"}],"author":[{"embeddable":true,"href":"https:\/\/eduingomez.com\/index.php?rest_route=\/wp\/v2\/users\/1"}],"replies":[{"embeddable":true,"href":"https:\/\/eduingomez.com\/index.php?rest_route=%2Fwp%2Fv2%2Fcomments&post=11"}],"version-history":[{"count":6,"href":"https:\/\/eduingomez.com\/index.php?rest_route=\/wp\/v2\/pages\/11\/revisions"}],"predecessor-version":[{"id":223,"href":"https:\/\/eduingomez.com\/index.php?rest_route=\/wp\/v2\/pages\/11\/revisions\/223"}],"wp:attachment":[{"href":"https:\/\/eduingomez.com\/index.php?rest_route=%2Fwp%2Fv2%2Fmedia&parent=11"}],"curies":[{"name":"wp","href":"https:\/\/api.w.org\/{rel}","templated":true}]}}